{"id":10257,"date":"2025-04-21T20:34:47","date_gmt":"2025-04-21T20:34:47","guid":{"rendered":"https:\/\/mediumblue-skunk-911546.hostingersite.com\/?page_id=10257"},"modified":"2025-05-28T11:17:22","modified_gmt":"2025-05-28T08:17:22","slug":"privacy-policy","status":"publish","type":"page","link":"https:\/\/cloudceramix.com\/lt\/privacy-policy\/","title":{"rendered":"Privatumo politika"},"content":{"rendered":"<div data-elementor-type=\"wp-page\" data-elementor-id=\"10257\" class=\"elementor elementor-10257\" data-elementor-post-type=\"page\">\n\t\t\t\t<div class=\"elementor-element elementor-element-08c9c02 e-flex e-con-boxed e-con e-parent\" data-id=\"08c9c02\" data-element_type=\"container\" data-e-type=\"container\">\n\t\t\t\t\t<div class=\"e-con-inner\">\n\t\t\t\t<div class=\"elementor-element elementor-element-9538a3b elementor-widget elementor-widget-heading\" data-id=\"9538a3b\" data-element_type=\"widget\" data-e-type=\"widget\" data-widget_type=\"heading.default\">\n\t\t\t\t\t<h2 class=\"elementor-heading-title elementor-size-default\">Privatumo politika<\/h2>\t\t\t\t<\/div>\n\t\t<div class=\"elementor-element elementor-element-0009140 e-con-full e-flex e-con e-child\" data-id=\"0009140\" data-element_type=\"container\" data-e-type=\"container\">\n\t\t\t\t<div class=\"elementor-element elementor-element-b130bff elementor-widget elementor-widget-text-editor\" data-id=\"b130bff\" data-element_type=\"widget\" data-e-type=\"widget\" data-widget_type=\"text-editor.default\">\n\t\t\t\t\t\t\t\t\t<p>1. M\u016bs\u0173 renkama informacija<\/p><ul data-sourcepos=\"44:1-47:0\"><li data-sourcepos=\"44:1-44:302\" class=\"translation-block\">J\u016bs\u0173 pateikta asmenin\u0117 informacija: Kai susikuriate paskyr\u0105, pateikiate u\u017esakym\u0105, prenumeruojate m\u016bs\u0173 naujienlai\u0161k\u012f arba susisiekiate su mumis, galime rinkti asmenin\u0119 informacij\u0105, pvz., j\u016bs\u0173 vard\u0105 ir pavard\u0119, el. pa\u0161to adres\u0105, telefono numer\u012f, pristatymo adres\u0105, atsiskaitymo adres\u0105 ir mok\u0117jimo duomenis.<\/li><li data-sourcepos=\"45:1-45:409\" class=\"translation-block\">Automati\u0161kai renkama informacija: Kai lankot\u0117s m\u016bs\u0173 svetain\u0117je, mes galime automati\u0161kai rinkti tam tikr\u0105 informacij\u0105 apie j\u016bs\u0173 \u012frengin\u012f ir nar\u0161ymo veikl\u0105, \u012fskaitant j\u016bs\u0173 IP adres\u0105, nar\u0161ykl\u0117s tip\u0105, operacin\u0119 sistem\u0105, nukreipian\u010di\u0105 svetain\u0119, aplankytus puslapius, apsilankymo datas ir laik\u0105. \u0160iuo tikslu galime naudoti slapukus ir pana\u0161ias sekimo technologijas.<\/li><li data-sourcepos=\"46:1-47:0\">Information from <span class=\"citation-14\">Third Parties:<\/span><span class=\"citation-14 citation-end-14\"> We may receive information about you from third parties, such as payment processors and analytics providers.<\/span><span class=\"button-container hide-from-message-actions ng-star-inserted\">\u00a0\u00a0<\/span><br \/><div class=\"container ng-tns-c213497774-37 hide\"><div class=\"carousel-container ng-tns-c213497774-37\"><div class=\"carousel-content ng-tns-c213497774-37\"><div class=\"sources-carousel-source ng-tns-c213497774-37 hide ng-star-inserted\" data-test-id=\"sources-carousel-source\">\u00a0<\/div><\/div><\/div><\/div><\/li><\/ul><p data-sourcepos=\"48:1-48:42\">2. <span class=\"citation-15\">Kaip mes naudojame j\u016bs\u0173 informacij\u0105<\/span><\/p><p data-sourcepos=\"50:1-50:64\"><span class=\"citation-15\">J\u016bs\u0173 asmenin\u0119 informacij\u0105 galime naudoti \u0161iais tikslais:<\/span><\/p><ul data-sourcepos=\"52:1-59:0\"><li data-sourcepos=\"52:1-52:88\" class=\"translation-block\">Apdoroti ir \u012fvykdyti j\u016bs\u0173 u\u017esakymus, \u012fskaitant pristatym\u0105 ir mok\u0117jim\u0173 apdorojim\u0105.<\/li><li data-sourcepos=\"53:1-53:54\">Tvarkyti j\u016bs\u0173 paskyr\u0105 ir teikti klient\u0173 aptarnavimo paslaugas.<\/li><li data-sourcepos=\"54:1-54:125\">Bendrauti su jumis apie j\u016bs\u0173 u\u017esakymus, m\u016bs\u0173 produktus ir reklaminius pasi\u016blymus.<\/li><li data-sourcepos=\"55:1-55:109\">Nor\u0117dami suasmeninti j\u016bs\u0173 patirt\u012f m\u016bs\u0173 svetain\u0117je ir pritaikyti m\u016bs\u0173 turin\u012f bei rekomendacijas prie j\u016bs\u0173 interes\u0173.<\/li><li data-sourcepos=\"56:1-56:49\">Tobulinti m\u016bs\u0173 svetain\u0119, produktus ir paslaugas.<\/li><li data-sourcepos=\"57:1-57:59\">Aptikti ir u\u017ekirsti keli\u0105 suk\u010diavimui ir kitai neteis\u0117tai veiklai.<\/li><li data-sourcepos=\"58:1-59:0\" class=\"translation-block\">Kad laikytum\u0117m\u0117s teisini\u0173 \u012fsipareigojim\u0173.<\/li><\/ul><p data-sourcepos=\"60:1-60:44\" class=\"translation-block\"><strong>3. Kaip dalijam\u0117s j\u016bs\u0173 informacija<strong><\/p><p data-sourcepos=\"62:1-62:91\"><span class=\"citation-16 citation-17 citation-end-16\">J\u016bs\u0173 asmenine informacija galime dalytis su \u0161i\u0173 kategorij\u0173 gav\u0117jais:<\/span><span class=\"button-container hide-from-message-actions ng-star-inserted\">\u00a0<\/span><\/p><ul data-sourcepos=\"64:1-68:0\"><li data-sourcepos=\"64:1-64:363\" class=\"translation-block\"><strong>Paslaug\u0173 teik\u0117jai: Galime dalytis j\u016bs\u0173 informacija su tre\u010di\u0173j\u0173 \u0161ali\u0173 paslaug\u0173 teik\u0117jais, kurie padeda mums atlikti \u012fvairias operacijas, pvz., mok\u0117jim\u0173 apdorojim\u0105, pristatym\u0105, svetain\u0117s prieglob\u0105, el. pa\u0161to rinkodar\u0105 ir analiz\u0119. \u0160ie paslaug\u0173 teik\u0117jai pagal sutart\u012f yra \u012fsipareigoj\u0119 saugoti j\u016bs\u0173 informacij\u0105 ir naudoti j\u0105 tik m\u016bs\u0173 nurodytais tikslais. <strong><\/li><li data-sourcepos=\"65:1-65:199\" class=\"translation-block\">Verslo perk\u0117limai: J\u016bs\u0173 asmenin\u0117 informacija gali b\u016bti perduota \u012fsigyjan\u010diam subjektui.<\/li><li data-sourcepos=\"66:1-66:266\" class=\"translation-block\">Teisin\u0117 atitiktis: Mes galime atskleisti j\u016bs\u0173 informacij\u0105, jei to reikalauja \u012fstatymas, teismo \u012fsakymas ar kitas teisinis procesas, arba jei manome, kad tai b\u016btina m\u016bs\u0173 teis\u0117ms, nuosavybei ar saugumui arba kit\u0173 asmen\u0173 teis\u0117ms, nuosavybei ar saugumui apsaugoti.<\/li><li data-sourcepos=\"67:1-68:0\" class=\"translation-block\">Su j\u016bs\u0173 sutikimu: Mes galime dalytis j\u016bs\u0173 informacija su tre\u010diosiomis \u0161alimis kitais tikslais gav\u0119 ai\u0161k\u0173 j\u016bs\u0173 sutikim\u0105.<\/li><\/ul><p data-sourcepos=\"69:1-69:19\">4. J\u016bs\u0173 teis\u0117s<\/p><p data-sourcepos=\"71:1-71:187\" class=\"translation-block\">Pagal Bendr\u0105j\u012f duomen\u0173 apsaugos reglament\u0105 (BDAR) ir Lietuvos duomen\u0173 apsaugos \u012fstatymus turite tam tikras teises, susijusias su j\u016bs\u0173 asmenine informacija, \u012fskaitant teis\u0119:<\/p><ul data-sourcepos=\"73:1-80:0\"><li data-sourcepos=\"73:1-73:83\" class=\"translation-block\">Prieiga: Papra\u0161ykite prieigos prie m\u016bs\u0173 turimos asmenin\u0117s informacijos apie jus.<\/li><li data-sourcepos=\"74:1-74:108\" class=\"translation-block\">I\u0161taisymas: Pra\u0161ymas i\u0161taisyti netiksli\u0105 ar nei\u0161sami\u0105 asmenin\u0119 informacij\u0105.<\/li><li data-sourcepos=\"75:1-75:101\" class=\"translation-block\">I\u0161trinti: Tam tikromis aplinkyb\u0117mis pra\u0161ykite i\u0161trinti savo asmenin\u0119 informacij\u0105.<\/li><li data-sourcepos=\"76:1-76:139\" class=\"translation-block\">Tvarkymo apribojimas: Pra\u0161ymas apriboti j\u016bs\u0173 asmenin\u0117s informacijos tvarkym\u0105 tam tikromis aplinkyb\u0117mis.<\/li><li data-sourcepos=\"77:1-77:179\" class=\"translation-block\">Duomen\u0173 perkeliamumas: Gauti savo asmenin\u0119 informacij\u0105 strukt\u016brizuotu, \u012fprastai naudojamu ir kompiuterio skaitomu formatu ir perduoti j\u0105 kitam duomen\u0173 valdytojui.<\/li><li data-sourcepos=\"78:1-78:115\" class=\"translation-block\">Prie\u0161tarauti: Prie\u0161tarauti, kad j\u016bs\u0173 asmenin\u0117 informacija b\u016bt\u0173 tvarkoma tam tikrais tikslais, pavyzd\u017eiui, tiesiogin\u0117s rinkodaros tikslais.<\/li><li data-sourcepos=\"79:1-80:0\" class=\"translation-block\">At\u0161aukti sutikim\u0105: At\u0161aukite savo sutikim\u0105 bet kuriuo metu, kai j\u016bs\u0173 asmenin\u0119 informacij\u0105 tvarkome remdamiesi j\u016bs\u0173 sutikimu.<\/li><\/ul><p data-sourcepos=\"81:1-81:436\" class=\"translation-block\">Nor\u0117dami pasinaudoti bet kuria i\u0161 \u0161i\u0173 teisi\u0173, susisiekite su mumis toliau nurodytais kontaktiniais duomenimis. Prie\u0161 atsakydami \u012f j\u016bs\u0173 u\u017eklaus\u0105, galime papra\u0161yti patvirtinti savo tapatyb\u0119. Taip pat turite teis\u0119 pateikti skund\u0105 Valstybinei duomen\u0173 apsaugos inspekcijai (Valstybin\u0117 duomen\u0173 apsaugos inspekcija) Lietuvoje, jei manote, kad tvarkydami j\u016bs\u0173 asmenin\u0119 informacij\u0105 pa\u017eeid\u017eiame duomen\u0173 apsaugos \u012fstatymus.<\/p><p data-sourcepos=\"83:1-83:28\">5. <span class=\"citation-30\">Duomen\u0173 saugumas<\/span><\/p><p data-sourcepos=\"85:1-85:465\" class=\"translation-block\">Imam\u0117s pagr\u012fst\u0173 priemoni\u0173, kad apsaugotume j\u016bs\u0173 asmenin\u0119 informacij\u0105 nuo neteis\u0117tos prieigos, naudojimo, atskleidimo, pakeitimo ar sunaikinimo. \u0160ios priemon\u0117s apima technines, administracines ir fizines apsaugos priemones. Ta\u010diau tur\u0117kite omenyje, kad joks perdavimo internetu ar elektroninio saugojimo b\u016bdas n\u0117ra visi\u0161kai saugus, tod\u0117l negalime u\u017etikrinti visi\u0161ko j\u016bs\u0173 informacijos saugumo.<\/p><p data-sourcepos=\"87:1-87:22\"><span class=\"citation-34\">6. Duomen\u0173 saugojimas<\/span><\/p><p data-sourcepos=\"89:1-89:246\" class=\"translation-block\">J\u016bs\u0173 asmenin\u0119 informacij\u0105 saugosime tiek laiko, kiek tai bus b\u016btina siekiant \u012fgyvendinti tikslus, d\u0117l kuri\u0173 ji buvo surinkta, \u012fskaitant paslaug\u0173 teikim\u0105, teisini\u0173 \u012fsipareigojim\u0173 vykdym\u0105, gin\u010d\u0173 sprendim\u0105 ir sutar\u010di\u0173 vykdym\u0105.<\/p><p data-sourcepos=\"91:1-91:47\">7. <span class=\"citation-35\">Slapukai<\/span><\/p><p data-sourcepos=\"93:1-93:351\" class=\"translation-block\">M\u016bs\u0173 svetain\u0117je naudojami slapukai ir pana\u0161ios steb\u0117jimo technologijos, kad pagerint\u0173 j\u016bs\u0173 nar\u0161ymo patirt\u012f, analizuot\u0173 svetain\u0117s lankomum\u0105 ir suasmenint\u0173 turin\u012f. Savo slapuk\u0173 nuostatas galite tvarkyti per nar\u0161ykl\u0117s nustatymus. Daugiau informacijos apie slapuk\u0173 naudojim\u0105 rasite m\u016bs\u0173 slapuk\u0173 naudojimo politikoje.<\/p><p data-sourcepos=\"95:1-95:38\">8. <span class=\"citation-38\">Nuorodos \u012f kitas svetaines<\/span><\/p><p data-sourcepos=\"97:1-97:253\" class=\"translation-block\">M\u016bs\u0173 svetain\u0117je gali b\u016bti nuorod\u0173 \u012f kitas svetaines, kuri\u0173 mes nevaldome. Mes neatsakome u\u017e \u0161i\u0173 tre\u010di\u0173j\u0173 \u0161ali\u0173 svetaini\u0173 privatumo praktik\u0105. Raginame susipa\u017einti su bet kurios lankomos svetain\u0117s privatumo politika.<\/p><p data-sourcepos=\"99:1-99:45\">9. <span class=\"citation-40\">\u0160ios privatumo politikos atnaujinimai<\/span><\/p><p data-sourcepos=\"101:1-101:303\" class=\"translation-block\">Laikas nuo laiko galime atnaujinti \u0161i\u0105 privatumo politik\u0105, kad ji atspind\u0117t\u0173 m\u016bs\u0173 praktikos ar teisini\u0173 reikalavim\u0173 pasikeitimus. Visus pakeitimus paskelbsime savo svetain\u0117je ir atnaujinsime \u0161ios politikos vir\u0161uje esan\u010di\u0105 \u201ePaskutinio atnaujinimo\u201c dat\u0105. Raginame jus periodi\u0161kai per\u017ei\u016br\u0117ti \u0161i\u0105 politik\u0105.<\/p><div class=\"container ng-tns-c213497774-53 hide\"><div class=\"carousel-container ng-tns-c213497774-53\"><div class=\"carousel-content ng-tns-c213497774-53\"><div class=\"sources-carousel-source ng-tns-c213497774-53 hide ng-star-inserted\" data-test-id=\"sources-carousel-source\">10. <span class=\"citation-43\">Susisiekite su mumis<\/span><\/div><\/div><\/div><\/div><p data-sourcepos=\"105:1-105:116\"><span class=\"citation-43 citation-end-43\">Jei turite klausim\u0173 ar abejoni\u0173 d\u0117l m\u016bs\u0173 pristatymo ir gr\u0105\u017einimo politikos, susisiekite su mumis \u0161iuo adresu:<\/span><span class=\"button-container hide-from-message-actions ng-star-inserted\"> sales@cloudceramix.com<\/span><\/p>\t\t\t\t\t\t\t\t<\/div>\n\t\t\t\t<\/div>\n\t\t\t\t\t<\/div>\n\t\t\t\t<\/div>\n\t\t\t\t<\/div>","protected":false},"excerpt":{"rendered":"<p>Privacy policy 1. Information We Collect Personal Information You Provide: When you create an account, place an order, subscribe to our newsletter, or contact us, we may collect personal information such as your name, email address, phone number, shipping address, billing address, and payment details.\u00a0\u00a0 Automatically Collected Information: When you visit our website, we may [&hellip;]<\/p>","protected":false},"author":1,"featured_media":0,"parent":0,"menu_order":0,"comment_status":"closed","ping_status":"closed","template":"","meta":{"footnotes":""},"class_list":["post-10257","page","type-page","status-publish","hentry"],"blocksy_meta":[],"_links":{"self":[{"href":"https:\/\/cloudceramix.com\/lt\/wp-json\/wp\/v2\/pages\/10257","targetHints":{"allow":["GET"]}}],"collection":[{"href":"https:\/\/cloudceramix.com\/lt\/wp-json\/wp\/v2\/pages"}],"about":[{"href":"https:\/\/cloudceramix.com\/lt\/wp-json\/wp\/v2\/types\/page"}],"author":[{"embeddable":true,"href":"https:\/\/cloudceramix.com\/lt\/wp-json\/wp\/v2\/users\/1"}],"replies":[{"embeddable":true,"href":"https:\/\/cloudceramix.com\/lt\/wp-json\/wp\/v2\/comments?post=10257"}],"version-history":[{"count":52,"href":"https:\/\/cloudceramix.com\/lt\/wp-json\/wp\/v2\/pages\/10257\/revisions"}],"predecessor-version":[{"id":11286,"href":"https:\/\/cloudceramix.com\/lt\/wp-json\/wp\/v2\/pages\/10257\/revisions\/11286"}],"wp:attachment":[{"href":"https:\/\/cloudceramix.com\/lt\/wp-json\/wp\/v2\/media?parent=10257"}],"curies":[{"name":"wp","href":"https:\/\/api.w.org\/{rel}","templated":true}]}}