{"id":10259,"date":"2025-04-21T20:35:14","date_gmt":"2025-04-21T20:35:14","guid":{"rendered":"https:\/\/mediumblue-skunk-911546.hostingersite.com\/?page_id=10259"},"modified":"2025-05-24T14:36:35","modified_gmt":"2025-05-24T11:36:35","slug":"delivery-and-returns","status":"publish","type":"page","link":"https:\/\/cloudceramix.com\/lt\/delivery-and-returns\/","title":{"rendered":"Pristatymas ir gr\u0105\u017einimas"},"content":{"rendered":"<div data-elementor-type=\"wp-page\" data-elementor-id=\"10259\" class=\"elementor elementor-10259\" data-elementor-post-type=\"page\">\n\t\t\t\t<div class=\"elementor-element elementor-element-89077ff e-flex e-con-boxed e-con e-parent\" data-id=\"89077ff\" data-element_type=\"container\" data-e-type=\"container\">\n\t\t\t\t\t<div class=\"e-con-inner\">\n\t\t<div class=\"elementor-element elementor-element-641c07b0 e-con-full e-flex e-con e-child\" data-id=\"641c07b0\" data-element_type=\"container\" data-e-type=\"container\">\n\t\t\t\t<div class=\"elementor-element elementor-element-5792afe elementor-widget elementor-widget-heading\" data-id=\"5792afe\" data-element_type=\"widget\" data-e-type=\"widget\" data-widget_type=\"heading.default\">\n\t\t\t\t\t<h2 class=\"elementor-heading-title elementor-size-default\">Pristatymas ir gr\u0105\u017einimas<\/h2>\t\t\t\t<\/div>\n\t\t\t\t<div class=\"elementor-element elementor-element-662684b9 elementor-widget elementor-widget-text-editor\" data-id=\"662684b9\" data-element_type=\"widget\" data-e-type=\"widget\" data-widget_type=\"text-editor.default\">\n\t\t\t\t\t\t\t\t\t<p data-sourcepos=\"114:1-114:148\">\u0160ioje pristatymo ir gr\u0105\u017einimo politikoje apra\u0161omos s\u0105lygos, susijusios su j\u016bs\u0173 u\u017esakym\u0173 siuntimu ir gr\u0105\u017einimo bei keitimo procesu.<\/p>\n<p data-sourcepos=\"116:1-116:16\"><strong>1. Pristatymas<\/strong><\/p>\n<ul data-sourcepos=\"118:1-124:0\">\n<li data-sourcepos=\"118:1-118:241\" class=\"translation-block\"><strong>Pristatymo vietos:<\/strong> \u0160iuo metu si\u016blome pristatym\u0105 Lietuvoje ir \u012f kitas \u0161alis, kaip nurodyta m\u016bs\u0173 svetain\u0117je u\u017esakymo proceso metu. Prie\u0161 pateikdami u\u017esakym\u0105 patikrinkite galimas pristatymo vietas.<\/li>\n<li data-sourcepos=\"119:1-119:267\" class=\"translation-block\"><strong>Pristatymo i\u0161laidos:<\/strong> Pristatymo i\u0161laidos apskai\u010diuojamos atsi\u017evelgiant \u012f pristatymo viet\u0105, u\u017esakymo svor\u012f ir matmenis bei pasirinkt\u0105 pristatymo b\u016bd\u0105. Taikytinos pristatymo i\u0161laidos bus rodomos u\u017esakymo proceso metu prie\u0161 baigiant u\u017esakym\u0105.<\/li>\n<li data-sourcepos=\"120:1-120:378\" class=\"translation-block\"><strong>Pristatymo terminai:<strong> Stengiam\u0117s kuo grei\u010diau apdoroti ir i\u0161si\u0173sti j\u016bs\u0173 u\u017esakym\u0105. Paprastai pristatymas trunka 1-3 darbo dienas. Apytikslis pristatymo laikas bus nurodytas u\u017esakymo proceso metu ir u\u017esakymo patvirtinimo el. lai\u0161ke. Atkreipkite d\u0117mes\u012f, kad tai yra apytiksliai skai\u010diavimai ir faktinis pristatymo laikas gali skirtis d\u0117l nuo m\u016bs\u0173 nepriklausan\u010di\u0173 veiksni\u0173, pavyzd\u017eiui, ve\u017e\u0117jo v\u0117lavimo, oro s\u0105lyg\u0173 ir \u0161ven\u010di\u0173.<\/li>\n<li data-sourcepos=\"121:1-121:183\" class=\"translation-block\"><strong>Pristatymo b\u016bdai:<\/strong> Galime pasi\u016blyti \u012fvairius pristatymo b\u016bdus, pavyzd\u017eiui, standartin\u012f pristatym\u0105, greit\u0105j\u012f pristatym\u0105 arba atsi\u0117mimo parinktis. Galimos parinktys bus rodomos u\u017esakymo metu.<\/li>\n<li data-sourcepos=\"122:1-122:192\" class=\"translation-block\"><strong>Pristatymo adresas:<\/strong> \u012esitikinkite, kad nurod\u0117te tiksl\u0173 ir i\u0161sam\u0173 pristatymo adres\u0105. Mes neatsakome u\u017e v\u0117lavim\u0105 ar nepristatym\u0105 d\u0117l neteising\u0173 ar klaiding\u0173 adres\u0173.<\/li>\n<li data-sourcepos=\"123:1-124:0\" class=\"translation-block\"><strong>U\u017esakymo sekimas:<\/strong> Kai j\u016bs\u0173 u\u017esakymas bus i\u0161si\u0173stas, gausite siuntimo patvirtinimo el. lai\u0161k\u0105 su sekimo numeriu, kad gal\u0117tum\u0117te steb\u0117ti pristatymo eig\u0105.<\/li>\n<\/ul>\n<p data-sourcepos=\"125:1-125:15\"><strong>2. Gr\u0105\u017einimai<\/strong><\/p>\n<ul data-sourcepos=\"127:1-148:0\">\n<li data-sourcepos=\"127:1-127:242\">\n<p data-sourcepos=\"127:3-127:242\" class=\"translation-block\">Teis\u0117 atsisakyti u\u017esakymo: J\u016bs, kaip Lietuvos vartotojas, turite teis\u0119 atsisakyti pirkimo sutarties per 14 dien\u0173 nenurodydamas prie\u017easties. Sutarties atsisakymo laikotarpis prasideda nuo preki\u0173 gavimo dienos.<\/p>\n<\/li>\n<li data-sourcepos=\"128:1-143:0\">\n<p data-sourcepos=\"128:3-128:315\" class=\"translation-block\">Kaip pasinaudoti at\u0161aukimo teise Kad pasinaudotum\u0117te teise atsisakyti sutarties, turite mus informuoti apie savo sprendim\u0105 atsisakyti sutarties, i\u0161si\u0173sdami mums ai\u0161k\u0173 parei\u0161kim\u0105 (pvz., lai\u0161k\u0105, i\u0161si\u0173st\u0105 pa\u0161tu arba elektroniniu pa\u0161tu).<\/p>\n<\/li>\n<li data-sourcepos=\"144:1-144:338\">\n<p data-sourcepos=\"144:3-144:338\" class=\"translation-block\">Preki\u0173 gr\u0105\u017einimas: Jei pasinaudojate savo teise atsisakyti sutarties, turite gr\u0105\u017einti prekes mums ne v\u0117liau kaip per 14 dien\u0173 nuo tos dienos, kai mums prane\u0161\u0117te apie savo atsisakym\u0105. Termino laikomasi, jei prekes i\u0161siun\u010diate atgal nepasibaigus 14 dien\u0173 laikotarpiui.<\/p>\n<\/li>\n<li data-sourcepos=\"145:1-145:372\">\n<p data-sourcepos=\"145:3-145:372\" class=\"translation-block\">Gr\u0105\u017einam\u0173 preki\u0173 b\u016bkl\u0117: Prek\u0117s turi b\u016bti gr\u0105\u017einamos originalios b\u016bkl\u0117s, nenaudotos, su visomis originaliomis pakuot\u0117mis, etiket\u0117mis ir priedais. J\u016bs atsakote tik u\u017e bet kok\u012f preki\u0173 vert\u0117s suma\u017e\u0117jim\u0105, atsiradus\u012f d\u0117l kitokio preki\u0173 tvarkymo, nei tas, kuris b\u016btinas preki\u0173 pob\u016bd\u017eiui, savyb\u0117ms ir veikimui nustatyti.<\/p>\n<\/li>\n<li data-sourcepos=\"146:1-146:160\">\n<p data-sourcepos=\"146:3-146:160\" class=\"translation-block\">Gr\u0105\u017einimo pristatymo i\u0161laidos: I\u0161skyrus atvejus, kai prek\u0117s yra nekokybi\u0161kos arba neatitinka apra\u0161ymo, j\u016bs b\u016bsite atsakingi u\u017e tiesiogines preki\u0173 gr\u0105\u017einimo i\u0161laidas.<\/p>\n<\/li>\n<li data-sourcepos=\"147:1-148:0\">\n<p data-sourcepos=\"147:3-147:486\" class=\"translation-block\">Gr\u0105\u017einimo procesas: Gav\u0119 gr\u0105\u017eintas prekes ir patikrin\u0119, ar jos atitinka gr\u0105\u017einimo s\u0105lygas, per 14 dien\u0173 \u012fvykdysime pinig\u0173 gr\u0105\u017einimo proced\u016br\u0105. Gr\u0105\u017einama suma bus i\u0161mok\u0117ta naudojant t\u0105 pat\u012f mok\u0117jimo b\u016bd\u0105, kur\u012f naudojote pirminiam apmok\u0117jimui, nebent ai\u0161kiai susitar\u0117te kitaip.<\/p>\n<\/li>\n<\/ul>\n<p data-sourcepos=\"149:1-149:17\"><strong>3. Preki\u0173 pakeitimas<\/strong><\/p>\n<ul data-sourcepos=\"151:1-154:0\">\n<li data-sourcepos=\"151:1-151:210\">Jei norite pakeisti gamin\u012f \u012f kitokio dyd\u017eio, spalvos ar kit\u0105 prek\u0119, per 14 dien\u0173 nuo u\u017esakymo gavimo dienos susisiekite su m\u016bs\u0173 klient\u0173 aptarnavimo komanda ir pasiteiraukite apie keitimo galimyb\u0119.<\/li>\n<li data-sourcepos=\"152:1-152:48\">Keitimai atliekami atsi\u017evelgiant \u012f produkto prieinamum\u0105.<\/li>\n<li data-sourcepos=\"153:1-154:0\">Jums gali tekti apmok\u0117ti originalios prek\u0117s gr\u0105\u017einimo ir pakaitin\u0117s prek\u0117s pristatymo i\u0161laidas, i\u0161skyrus atvejus, kai kei\u010diama d\u0117l defekto ar m\u016bs\u0173 klaidos.<\/li>\n<\/ul>\n<p data-sourcepos=\"155:1-155:33\"><strong>4. Klaidingos arba brokuotos prek\u0117s<\/strong><\/p>\n<ul data-sourcepos=\"157:1-160:0\">\n<li data-sourcepos=\"157:1-157:204\">Jei gavote nekokybi\u0161k\u0105 ar neteising\u0105 prek\u0119, susisiekite su m\u016bs\u0173 klient\u0173 aptarnavimo komanda kuo grei\u010diau, bet ne v\u0117liau kaip per 14 dien\u0173 nuo u\u017esakymo gavimo.<\/li>\n<li data-sourcepos=\"158:1-158:77\">Pateiksime instrukcijas, kaip gr\u0105\u017einti nekokybi\u0161k\u0105 ar netinkam\u0105 prek\u0119.<\/li>\n<li data-sourcepos=\"159:1-160:0\">Patikrin\u0119 problem\u0105, pasi\u016blysime jums pakeisti, pataisyti arba gr\u0105\u017einti visus pinigus, \u012fskaitant visas taikytinas siuntimo i\u0161laidas.<\/li>\n<\/ul>\n<p data-sourcepos=\"161:1-161:18\"><strong>6. Susisiekite<\/strong><\/p>\n<p data-sourcepos=\"163:1-163:98\">Jei turite klausim\u0173 ar abejoni\u0173 d\u0117l m\u016bs\u0173 pristatymo ir gr\u0105\u017einimo politikos, susisiekite su mumis \u0161iuo adresu: sales@cloudceramix.com<\/p>\t\t\t\t\t\t\t\t<\/div>\n\t\t\t\t<\/div>\n\t\t\t\t\t<\/div>\n\t\t\t\t<\/div>\n\t\t\t\t<\/div>","protected":false},"excerpt":{"rendered":"<p>Delivery and returns This Delivery and Returns policy outlines the terms and conditions related to the shipping of your orders and the process for returns and exchanges. 1. Delivery Shipping Destinations: We currently offer shipping within Lithuania and potentially to other countries as specified on our website during the checkout process. Please check the available [&hellip;]<\/p>","protected":false},"author":1,"featured_media":0,"parent":0,"menu_order":0,"comment_status":"closed","ping_status":"closed","template":"","meta":{"footnotes":""},"class_list":["post-10259","page","type-page","status-publish","hentry"],"blocksy_meta":[],"_links":{"self":[{"href":"https:\/\/cloudceramix.com\/lt\/wp-json\/wp\/v2\/pages\/10259","targetHints":{"allow":["GET"]}}],"collection":[{"href":"https:\/\/cloudceramix.com\/lt\/wp-json\/wp\/v2\/pages"}],"about":[{"href":"https:\/\/cloudceramix.com\/lt\/wp-json\/wp\/v2\/types\/page"}],"author":[{"embeddable":true,"href":"https:\/\/cloudceramix.com\/lt\/wp-json\/wp\/v2\/users\/1"}],"replies":[{"embeddable":true,"href":"https:\/\/cloudceramix.com\/lt\/wp-json\/wp\/v2\/comments?post=10259"}],"version-history":[{"count":37,"href":"https:\/\/cloudceramix.com\/lt\/wp-json\/wp\/v2\/pages\/10259\/revisions"}],"predecessor-version":[{"id":11261,"href":"https:\/\/cloudceramix.com\/lt\/wp-json\/wp\/v2\/pages\/10259\/revisions\/11261"}],"wp:attachment":[{"href":"https:\/\/cloudceramix.com\/lt\/wp-json\/wp\/v2\/media?parent=10259"}],"curies":[{"name":"wp","href":"https:\/\/api.w.org\/{rel}","templated":true}]}}