{"id":10261,"date":"2025-04-21T20:37:08","date_gmt":"2025-04-21T20:37:08","guid":{"rendered":"https:\/\/mediumblue-skunk-911546.hostingersite.com\/?page_id=10261"},"modified":"2025-05-28T11:14:33","modified_gmt":"2025-05-28T08:14:33","slug":"terms-and-conditions","status":"publish","type":"page","link":"https:\/\/cloudceramix.com\/lt\/terms-and-conditions\/","title":{"rendered":"S\u0105lygos ir nuostatos"},"content":{"rendered":"<div data-elementor-type=\"wp-page\" data-elementor-id=\"10261\" class=\"elementor elementor-10261\" data-elementor-post-type=\"page\">\n\t\t\t\t<div class=\"elementor-element elementor-element-441f63ce e-flex e-con-boxed e-con e-parent\" data-id=\"441f63ce\" data-element_type=\"container\" data-e-type=\"container\">\n\t\t\t\t\t<div class=\"e-con-inner\">\n\t\t<div class=\"elementor-element elementor-element-7683369e e-con-full e-flex e-con e-child\" data-id=\"7683369e\" data-element_type=\"container\" data-e-type=\"container\">\n\t\t\t\t<div class=\"elementor-element elementor-element-b553709 elementor-widget elementor-widget-heading\" data-id=\"b553709\" data-element_type=\"widget\" data-e-type=\"widget\" data-widget_type=\"heading.default\">\n\t\t\t\t\t<h2 class=\"elementor-heading-title elementor-size-default\">S\u0105lygos ir nuostatos<\/h2>\t\t\t\t<\/div>\n\t\t\t\t<div class=\"elementor-element elementor-element-131ca7f elementor-widget elementor-widget-heading\" data-id=\"131ca7f\" data-element_type=\"widget\" data-e-type=\"widget\" data-widget_type=\"heading.default\">\n\t\t\t\t\t<h4 class=\"elementor-heading-title elementor-size-default\">Informacija<\/h4>\t\t\t\t<\/div>\n\t\t\t\t<div class=\"elementor-element elementor-element-46c9c712 elementor-widget elementor-widget-text-editor\" data-id=\"46c9c712\" data-element_type=\"widget\" data-e-type=\"widget\" data-widget_type=\"text-editor.default\">\n\t\t\t\t\t\t\t\t\t<p data-sourcepos=\"5:1-5:298\">Sveiki atvyk\u0119 \u012f \"Cloud Ceramix\"! \u0160ios Taisykl\u0117s ir s\u0105lygos reglamentuoja j\u016bs\u0173 naudojim\u0105si m\u016bs\u0173 interneto svetaine www.cloudceramix.com ir j\u016bs\u0173 preki\u0173 pirkimus i\u0161 m\u016bs\u0173 internetin\u0117s parduotuv\u0117s. Prisijungdami prie m\u016bs\u0173 svetain\u0117s ir (arba) pateikdami u\u017esakym\u0105, j\u016bs sutinkate laikytis \u0161i\u0173 Taisykli\u0173 ir s\u0105lyg\u0173. Pra\u0161ome jas atid\u017eiai perskaityti.<\/p><p data-sourcepos=\"7:1-7:19\">1. Apibr\u0117\u017eimai<\/p><ul data-sourcepos=\"9:1-15:0\"><li data-sourcepos=\"9:1-9:87\" class=\"translation-block\"><strong>\"Mes\", \"M\u016bs\u0173\" arba \"Mus\"<\/strong> rei\u0161kia \"Cloud Ceramix\", \u012fmon\u0119, \u012fsik\u016brusi\u0105 Lietuvoje.<\/li><li data-sourcepos=\"10:1-10:109\" class=\"translation-block\"><strong>\"J\u016bs\", \"Naudotojas\" <\/strong>rei\u0161kia bet kur\u012f asmen\u012f, kuris prisijungia prie m\u016bs\u0173 svetain\u0117s ir (arba) perka i\u0161 m\u016bs\u0173 produktus.<\/li><li data-sourcepos=\"11:1-11:81\"><strong>\"Svetain\u0117\"<\/strong>, rei\u0161kia m\u016bs\u0173 internetin\u0119 parduotuv\u0119, pasiekiam\u0105 adresu cloudceramix.com.<\/li><li data-sourcepos=\"12:1-12:69\" class=\"translation-block\"><strong>\"Produktai\"<\/strong>, rei\u0161kia prekes, si\u016blomas pardavimui m\u016bs\u0173 Svetain\u0117je.<\/li><li data-sourcepos=\"13:1-13:66\" class=\"translation-block\"><strong>\"U\u017esakymas\"<\/strong>, rei\u0161kia j\u016bs\u0173 pra\u0161ym\u0105 \u012fsigyti i\u0161 m\u016bs\u0173 Produktus.<\/li><li data-sourcepos=\"14:1-15:0\" class=\"translation-block\"><strong>\"Sutartis\"<\/strong>, rei\u0161kia teisi\u0161kai \u012fpareigojant\u012f susitarim\u0105, sudaryt\u0105 tarp j\u016bs\u0173 ir m\u016bs\u0173, kai mes priimame j\u016bs\u0173 U\u017esakym\u0105.<\/li><\/ul><p data-sourcepos=\"16:1-16:26\">2. Svetain\u0117s naudojimas<\/p><ul data-sourcepos=\"18:1-22:0\"><li data-sourcepos=\"18:1-18:216\" class=\"translation-block\">Prisijungdami prie m\u016bs\u0173 Svetain\u0117s ir j\u0105 naudodami, j\u016bs sutinkate tai daryti tik teis\u0117tais tikslais ir tokiu b\u016bdu, kuris nepa\u017eeid\u017eia, neriboja ir netrukdo kitiems asmenims naudotis Svetaine ir ja m\u0117gautis.<\/li><li data-sourcepos=\"19:1-19:140\" class=\"translation-block\">J\u016bs sutinkate nenaudoti m\u016bs\u0173 Svetain\u0117s jokiais suk\u010diavimo, neteis\u0117tais, \u0161mei\u017eiki\u0161kais, \u012f\u017eeid\u017eiais ar kitaip nepriimtinais b\u016bdais.<\/li><li data-sourcepos=\"20:1-20:99\">J\u016bs esate atsakingi u\u017e tai, kad visa mums pateikta informacija b\u016bt\u0173 tiksli ir i\u0161sami.<\/li><li data-sourcepos=\"21:1-22:0\">Pasiliekame teis\u0119 bet kuriuo metu be \u012fsp\u0117jimo sustabdyti, apriboti arba nutraukti j\u016bs\u0173 prieig\u0105 prie m\u016bs\u0173 Svetain\u0117s, jei manome, kad pa\u017eeid\u0117te \u0161ias Taisykles ir s\u0105lygas.<\/li><\/ul><p data-sourcepos=\"23:1-23:39\">3. Paskyros registracija (Neb\u016btina)<\/p><ul data-sourcepos=\"25:1-28:0\"><li data-sourcepos=\"25:1-25:198\" class=\"translation-block\">Jums gali b\u016bti suteikta galimyb\u0117 susikurti paskyr\u0105 m\u016bs\u0173 Svetain\u0117je. Jei tai padarysite, j\u016bs esate atsakingi u\u017e savo paskyros duomen\u0173, \u012fskaitant vartotojo vard\u0105 ir slapta\u017eod\u012f, konfidencialumo u\u017etikrinim\u0105.<\/li><li data-sourcepos=\"26:1-26:122\" class=\"translation-block\">J\u016bs sutinkate nedelsdami prane\u0161ti mums apie bet kok\u012f neteis\u0117t\u0105 j\u016bs\u0173 paskyros naudojim\u0105 ar bet kok\u012f kit\u0105 saugumo pa\u017eeidim\u0105.<\/li><li data-sourcepos=\"27:1-28:0\">Pasiliekame teis\u0119 bet kuriuo metu sustabdyti arba nutraukti j\u016bs\u0173 paskyros galiojim\u0105, jei \u012ftariame, kad prie jos buvo neteis\u0117tai prisijungta arba pa\u017eeistos \u0161ios Taisykl\u0117s ir s\u0105lygos.<\/li><\/ul><p data-sourcepos=\"29:1-29:27\">4. Informacija apie produktus<\/p><ul data-sourcepos=\"31:1-34:0\"><li data-sourcepos=\"31:1-31:208\">Mes dedame visas pastangas, kad m\u016bs\u0173 Svetain\u0117je pateikti produkt\u0173 apra\u0161ymai, vaizdai ir specifikacijos b\u016bt\u0173 tiksl\u016bs. Ta\u010diau gali pasitaikyti nedideli\u0173 spalvos, dyd\u017eio ar kit\u0173 savybi\u0173 skirtum\u0173.<\/li><li data-sourcepos=\"32:1-32:118\">Visa informacija apie produktus yra pateikiama tik informaciniais tikslais ir n\u0117ra laikoma garantija.<\/li><li data-sourcepos=\"33:1-34:0\">Mes pasiliekame teis\u0119 bet kuriuo metu be i\u0161ankstinio \u012fsp\u0117jimo keisti produkt\u0173 apra\u0161ymus, specifikacijas ir kainas.<\/li><li data-sourcepos=\"33:1-34:0\">Visi m\u016bs\u0173 gaminiai yra rank\u0173 darbo ir siun\u010diami i\u0161 Lietuvos, Dz\u016bkijos.<\/li><\/ul><p data-sourcepos=\"35:1-35:47\">5. U\u017esakymo procesas ir sutarties sudarymas<\/p><ul data-sourcepos=\"37:1-41:0\"><li data-sourcepos=\"37:1-37:135\">Pateikdamas U\u017esakym\u0105 m\u016bs\u0173 Svetain\u0117je, j\u016bs si\u016blote \u012fsigyti pasirinktus Produktus pagal \u0161ias Taisykles ir s\u0105lygas.<\/li><li data-sourcepos=\"38:1-38:177\" class=\"translation-block\">Pateik\u0119 U\u017esakym\u0105, gausite patvirtinimo el. lai\u0161k\u0105, patvirtinant\u012f j\u016bs\u0173 U\u017esakymo gavim\u0105. \u0160is el. lai\u0161kas nerei\u0161kia j\u016bs\u0173 pasi\u016blymo pri\u0117mimo.<\/li><li data-sourcepos=\"39:1-39:124\">Sutartis tarp m\u016bs\u0173 bus sudaryta tik tada, kai mes i\u0161si\u0173sime jums Produktus ir atsi\u0173sime jums siuntimo patvirtinimo el. lai\u0161k\u0105.<\/li><li data-sourcepos=\"40:1-41:0\">Pasiliekame teis\u0119 atsisakyti priimti bet kok\u012f U\u017esakym\u0105 d\u0117l bet kokios prie\u017easties, \u012fskaitant, bet neapsiribojant, gaminio neprieinamum\u0105, klaidas kainodaroje ar gaminio apra\u0161yme arba \u012ftarimus d\u0117l suk\u010diavimo. Jei atsisakysime priimti j\u016bs\u0173 U\u017esakym\u0105, kuo grei\u010diau jums apie tai prane\u0161ime ir gr\u0105\u017einsime visus jau atliktus mok\u0117jimus.<div><div><div><div data-test-id=\"sources-carousel-source\">\u00a0<\/div><\/div><\/div><\/div><\/li><\/ul><p data-sourcepos=\"42:1-42:27\">6. Kainos ir mok\u0117jimas<\/p><ul data-sourcepos=\"44:1-49:0\"><li data-sourcepos=\"44:1-44:134\">Visos m\u016bs\u0173 Svetain\u0117je nurodytos kainos yra eurais (\u20ac) ir apima taikom\u0105 prid\u0117tin\u0117s vert\u0117s mokest\u012f (PVM) pagal Lietuvos Respublikos teis\u0117s aktus.<\/li><li data-sourcepos=\"45:1-45:122\">Pristatymo i\u0161laidos, jei taikomos, bus ai\u0161kiai nurodytos atsiskaitymo proceso metu ir prid\u0117tos prie bendros u\u017esakymo kainos.<\/li><li data-sourcepos=\"45:1-45:122\">Pateikdami U\u017esakym\u0105, j\u016bs patvirtinate, kad turite teis\u0119 naudoti nurodyt\u0105 mok\u0117jimo b\u016bd\u0105.<\/li><li data-sourcepos=\"48:1-49:0\">Mes pasiliekame teis\u0119 bet kuriuo metu be i\u0161ankstinio \u012fsp\u0117jimo keisti savo Produkt\u0173 kainas, ta\u010diau tokie pakeitimai netur\u0117s \u012ftakos U\u017esakymams, kurie jau buvo pateikti ir m\u016bs\u0173 patvirtinti.<\/li><li data-sourcepos=\"48:1-49:0\">Priimame \u0161iuos mok\u0117jimo b\u016bdus: debeto kortel\u0117s, kredito kortel\u0117s (Visa, Mastercard), banko pavedimai per Montonio.<\/li><li data-sourcepos=\"48:1-49:0\"><span style=\"text-align: var(--text-align); background-color: var(--theme-palette-color-1);\">Atkreipkite d\u0117mes\u012f, kad u\u017e tam tikrus mok\u0117jimo pasirinkimus gali b\u016bti taikomas nedidelis sandorio mokestis. Bet koks toks mokestis bus ai\u0161kiai nurodytas kasoje prie\u0161 patvirtinant u\u017esakym\u0105.<\/span><\/li><li data-sourcepos=\"48:1-49:0\">Saugumas. M\u016bs\u0173 svetain\u0117je naudojami saug\u016bs mok\u0117jimo vartai, kad b\u016bt\u0173 u\u017etikrintas j\u016bs\u0173 mok\u0117jimo informacijos saugumas. J\u016bs\u0173 duomenims apsaugoti perdavimo metu naudojame SSL (Secure Socket Layer) \u0161ifravim\u0105.<\/li><\/ul><p data-sourcepos=\"50:1-50:16\">7. Pristatymas<\/p><ul data-sourcepos=\"52:1-55:0\"><li data-sourcepos=\"52:1-52:137\">Mes pristatysime Produktus j\u016bs\u0173 U\u017esakyme nurodytu pristatymo adresu. Pra\u0161ome u\u017etikrinti, kad \u0161is adresas b\u016bt\u0173 tikslus ir i\u0161samus.<\/li><li data-sourcepos=\"53:1-53:188\" class=\"translation-block\">Pristatymo terminai yra apytiksliai ir gali skirtis priklausomai nuo pristatymo b\u016bdo ir paskirties vietos. Mes nesame atsakingi u\u017e v\u0117lavimus, atsiradusius d\u0117l \u012fvyki\u0173, kuri\u0173 mes pagr\u012fstai negalime kontroliuoti.<\/li><li data-sourcepos=\"54:1-55:0\">Produkt\u0173 praradimo ir sugadinimo rizika pereina jums po pristatymo.<\/li><li data-sourcepos=\"54:1-55:0\">Daugiau informacijos apie m\u016bs\u0173 pristatymo vietas, i\u0161laidas, b\u016bdus ir numatom\u0105 pristatymo laik\u0105 rasite m\u016bs\u0173 specialioje \u201ePristatymo ir gr\u0105\u017einimo\u201c politikoje.<\/li><\/ul><p data-sourcepos=\"56:1-56:39\">8. Gr\u0105\u017einimas ir teis\u0117 atsisakyti<\/p><ul data-sourcepos=\"58:1-59:0\"><li data-sourcepos=\"58:1-59:0\">J\u016bs\u0173 teis\u0117s d\u0117l gr\u0105\u017einimo ir teis\u0117 atsisakyti yra nurodytos m\u016bs\u0173 atskiroje \"Pristatymo ir gr\u0105\u017einimo\" politikoje, kuri yra neatskiriama \u0161i\u0173 Taisykli\u0173 ir s\u0105lyg\u0173 dalis. Nor\u0117dami gauti i\u0161samios informacijos, pra\u0161ome per\u017ei\u016br\u0117ti t\u0105 politik\u0105.<\/li><\/ul><p data-sourcepos=\"60:1-60:36\">9. Intelektin\u0117 nuosavyb\u0117<\/p><ul data-sourcepos=\"62:1-64:0\"><li data-sourcepos=\"62:1-62:251\">All content on our Website, including but not limited to text, images, logos, trademarks, and software, is the property of Cloud ceramix\u00a0or its licensors and is protected by copyright and other intellectual property laws.<\/li><li data-sourcepos=\"63:1-64:0\" class=\"translation-block\">J\u016bs negalite naudoti, atgaminti, modifikuoti, platinti ar rodyti jokio m\u016bs\u0173 Svetain\u0117s turinio be m\u016bs\u0173 i\u0161ankstinio ra\u0161ti\u0161ko sutikimo.<\/li><\/ul><p data-sourcepos=\"65:1-65:39\">10. Atsakomyb\u0117s apribojimas<\/p><ul data-sourcepos=\"67:1-70:0\"><li data-sourcepos=\"67:1-67:277\">Maksimaliu pagal galiojan\u010dius \u012fstatymus leid\u017eiamu mastu mes neatsakome u\u017e bet koki\u0105 netiesiogin\u0119, atsitiktin\u0119, speciali\u0105j\u0105, netiesiogin\u0119 ar baudin\u0119 \u017eal\u0105, atsiradusi\u0105 d\u0117l j\u016bs\u0173 naudojimosi m\u016bs\u0173 Svetaine ar Produkt\u0173 pirkimo i\u0161 m\u016bs\u0173 arba su tuo susijusi\u0105.<\/li><li data-sourcepos=\"68:1-68:208\" class=\"translation-block\">M\u016bs\u0173 bendra atsakomyb\u0117 jums u\u017e bet kokius tiesioginius nuostolius, atsiradusius d\u0117l \u0161i\u0173 Taisykli\u0173 ir s\u0105lyg\u0173 arba su jomis susijusius, nevir\u0161ys bendros sumos, kuri\u0105 sumok\u0117jote u\u017e atitinkam\u0105 U\u017esakym\u0105.<\/li><li data-sourcepos=\"69:1-70:0\" class=\"translation-block\">Jokia \u0161i\u0173 Taisykli\u0173 ir s\u0105lyg\u0173 nuostata neatmeta ar neriboja m\u016bs\u0173 atsakomyb\u0117s u\u017e mirt\u012f ar k\u016bno su\u017ealojim\u0105, atsiradus\u012f d\u0117l m\u016bs\u0173 neatsargumo, arba u\u017e suk\u010diavim\u0105 ar apgauling\u0105 klaidinim\u0105, arba bet kokios kitos atsakomyb\u0117s, kurios negalima atmesti ar apriboti pagal Lietuvos Respublikos \u012fstatymus.<\/li><\/ul><p data-sourcepos=\"71:1-71:24\">11. Atlyginimas u\u017e patirtus nuostolius<\/p><p>Sutinkate atlyginti \u017eal\u0105 ir apsaugoti mus nuo vis\u0173 pretenzij\u0173, \u012fsipareigojim\u0173, \u017ealos, nuostoli\u0173 ir i\u0161laid\u0173 (\u012fskaitant pagr\u012fstus advokat\u0173 mokes\u010dius), kylan\u010di\u0173 d\u0117l \u0161i\u0173 Taisykli\u0173 ir s\u0105lyg\u0173 pa\u017eeidimo arba d\u0117l to, kad pa\u017eeid\u0117te \u0161ias Taisykles ir s\u0105lygas arba naudojat\u0117s m\u016bs\u0173 Svetaine.<\/p><p><strong>12. Teis\u0117 ir jurisdikcija<strong><\/p><ul><li class=\"translation-block\">\u0160ios Taisykl\u0117s ir s\u0105lygos, kartu su m\u016bs\u0173 Privatumo politika, Pirkimo politika ir Pristatymo bei gr\u0105\u017einimo politika, sudaro vis\u0105 susitarim\u0105 tarp j\u016bs\u0173 ir m\u016bs\u0173 d\u0117l j\u016bs\u0173 naudojimosi m\u016bs\u0173 Svetaine ir j\u016bs\u0173 Produkt\u0173 pirkim\u0173 i\u0161 m\u016bs\u0173 ir pakei\u010dia visus ankstesnius susitarimus ir supratimus.<\/li><li>Bet kokie gin\u010dai, kylantys d\u0117l \u0161i\u0173 Taisykli\u0173 ir s\u0105lyg\u0173 arba su jomis susij\u0119, yra i\u0161imtinai nagrin\u0117jami Lietuvos Respublikos teismuose.<\/li><\/ul><p>13. Visas susitarimas<\/p><ul><li>\u0160ios Taisykl\u0117s ir s\u0105lygos, kartu su m\u016bs\u0173 Privatumo politika, Pirkimo politika ir Pristatymo bei gr\u0105\u017einimo politika, sudaro vis\u0105 susitarim\u0105 tarp j\u016bs\u0173 ir m\u016bs\u0173 d\u0117l j\u016bs\u0173 naudojimosi m\u016bs\u0173 Svetaine ir j\u016bs\u0173 Produkt\u0173 pirkim\u0173 i\u0161 m\u016bs\u0173 ir pakei\u010dia visus ankstesnius susitarimus ir supratimus.<\/li><\/ul><p>14. Pakeitimai<\/p><ul><li>Pasiliekame teis\u0119 bet kuriuo metu be i\u0161ankstinio \u012fsp\u0117jimo keisti \u0161ias Taisykles ir s\u0105lygas. Bet kokie pakeitimai bus paskelbti m\u016bs\u0173 Svetain\u0117je, o tolesnis naudojimasis Svetaine ir (arba) U\u017esakym\u0173 pateikimas po toki\u0173 pakeitim\u0173 paskelbimo rei\u0161kia, kad sutinkate su pakeistomis Taisykl\u0117mis ir s\u0105lygomis.<\/li><\/ul><p>Teisin\u0117 informacija<\/p><p>\u012emon\u0117s pavadinimas: Nam\u0173 dekoro studija, MB<br \/>\u012emon\u0117s kodas: 306399160<br \/>PVM kodas: LT100016639611<br \/>Adresas: Konarskio g. 23-5, LT-03123 Vilnius, Lithuania<br \/>+37060048936<!-- notionvc: d3052d24-b982-4011-8f12-c9911a00db77 --><\/p><p>16. Kontaktai:<\/p><p class=\"translation-block\">Jei turite klausim\u0173 ar pasteb\u0117jim\u0173 d\u0117l \u0161i\u0173 Taisykli\u0173 ir s\u0105lyg\u0173, pra\u0161ome susisiekti su mumis adresu:  sales@cloudceramix.com<\/p>\t\t\t\t\t\t\t\t<\/div>\n\t\t\t\t<\/div>\n\t\t\t\t\t<\/div>\n\t\t\t\t<\/div>\n\t\t\t\t<\/div>","protected":false},"excerpt":{"rendered":"<p>Terms and conditions Information Welcome to Cloud Ceramix! These Terms and Conditions govern your use of our website www.cloudceramix.com and your purchases of products from our online store. By accessing our website and\/or placing an order, you agree to be bound by these Terms and Conditions. Please read them carefully. 1. Definitions &#8220;We,&#8221; &#8220;Us,&#8221; or [&hellip;]<\/p>","protected":false},"author":1,"featured_media":0,"parent":0,"menu_order":0,"comment_status":"closed","ping_status":"closed","template":"","meta":{"footnotes":""},"class_list":["post-10261","page","type-page","status-publish","hentry"],"blocksy_meta":[],"_links":{"self":[{"href":"https:\/\/cloudceramix.com\/lt\/wp-json\/wp\/v2\/pages\/10261","targetHints":{"allow":["GET"]}}],"collection":[{"href":"https:\/\/cloudceramix.com\/lt\/wp-json\/wp\/v2\/pages"}],"about":[{"href":"https:\/\/cloudceramix.com\/lt\/wp-json\/wp\/v2\/types\/page"}],"author":[{"embeddable":true,"href":"https:\/\/cloudceramix.com\/lt\/wp-json\/wp\/v2\/users\/1"}],"replies":[{"embeddable":true,"href":"https:\/\/cloudceramix.com\/lt\/wp-json\/wp\/v2\/comments?post=10261"}],"version-history":[{"count":61,"href":"https:\/\/cloudceramix.com\/lt\/wp-json\/wp\/v2\/pages\/10261\/revisions"}],"predecessor-version":[{"id":11283,"href":"https:\/\/cloudceramix.com\/lt\/wp-json\/wp\/v2\/pages\/10261\/revisions\/11283"}],"wp:attachment":[{"href":"https:\/\/cloudceramix.com\/lt\/wp-json\/wp\/v2\/media?parent=10261"}],"curies":[{"name":"wp","href":"https:\/\/api.w.org\/{rel}","templated":true}]}}