{"id":8846,"date":"2025-03-25T19:48:18","date_gmt":"2025-03-25T19:48:18","guid":{"rendered":"https:\/\/mediumblue-skunk-911546.hostingersite.com\/?page_id=8846"},"modified":"2026-02-02T23:07:41","modified_gmt":"2026-02-02T20:07:41","slug":"contact","status":"publish","type":"page","link":"https:\/\/cloudceramix.com\/lt\/contact\/","title":{"rendered":"Kontaktai"},"content":{"rendered":"<div data-elementor-type=\"wp-page\" data-elementor-id=\"8846\" class=\"elementor elementor-8846\" data-elementor-post-type=\"page\">\n\t\t\t\t<div class=\"elementor-element elementor-element-54f09907 e-flex e-con-boxed e-con e-parent\" data-id=\"54f09907\" data-element_type=\"container\" data-e-type=\"container\" data-settings=\"{&quot;background_background&quot;:&quot;classic&quot;}\">\n\t\t\t\t\t<div class=\"e-con-inner\">\n\t\t<div class=\"elementor-element elementor-element-cfdfae6 e-con-full e-flex e-con e-child\" data-id=\"cfdfae6\" data-element_type=\"container\" data-e-type=\"container\">\n\t\t\t\t<div class=\"elementor-element elementor-element-95e896f elementor-widget elementor-widget-heading\" data-id=\"95e896f\" data-element_type=\"widget\" data-e-type=\"widget\" data-widget_type=\"heading.default\">\n\t\t\t\t\t<h2 class=\"elementor-heading-title elementor-size-default\">Kontaktai<\/h2>\t\t\t\t<\/div>\n\t\t\t\t<div class=\"elementor-element elementor-element-e11feb7 elementor-widget elementor-widget-text-editor\" data-id=\"e11feb7\" data-element_type=\"widget\" data-e-type=\"widget\" data-widget_type=\"text-editor.default\">\n\t\t\t\t\t\t\t\t\t<p><b>Nam\u0173 dekoro studija, MB<br \/><\/b><span style=\"font-family: inherit; font-size: inherit; font-style: inherit; font-variant-ligatures: inherit; font-variant-caps: inherit; font-weight: inherit; color: var( --e-global-color-primary ); text-align: var(--text-align); background-color: var( --e-global-color-secondary ); letter-spacing: var(--theme-letter-spacing); text-transform: var(--theme-text-transform);\">\u012emon\u0117s kodas 306399160<br \/><\/span><span style=\"font-family: inherit; font-size: inherit; font-style: inherit; font-variant-ligatures: inherit; font-variant-caps: inherit; font-weight: inherit; color: var( --e-global-color-primary ); text-align: var(--text-align); background-color: var( --e-global-color-secondary ); letter-spacing: var(--theme-letter-spacing); text-transform: var(--theme-text-transform);\">PVM kodas LT100016639611<br \/><\/span><span style=\"font-family: inherit; font-size: inherit; font-style: inherit; font-variant-ligatures: inherit; font-variant-caps: inherit; font-weight: inherit; color: var( --e-global-color-primary ); text-align: var(--text-align); background-color: var( --e-global-color-secondary ); letter-spacing: var(--theme-letter-spacing); text-transform: var(--theme-text-transform);\">Konarskio g. 23-5, LT-03123 Vilnius<br \/><\/span><span style=\"font-family: inherit; font-size: inherit; font-style: inherit; font-variant-ligatures: inherit; font-variant-caps: inherit; font-weight: inherit; color: var( --e-global-color-primary ); text-align: var(--text-align); background-color: var( --e-global-color-secondary ); letter-spacing: var(--theme-letter-spacing); text-transform: var(--theme-text-transform);\">+37060048936<\/span><\/p><p><!-- notionvc: 5c152bd2-4350-440a-8e53-5e7f1989d7ce --><\/p>\t\t\t\t\t\t\t\t<\/div>\n\t\t\t\t<\/div>\n\t\t<div class=\"elementor-element elementor-element-51cae278 e-con-full e-flex e-con e-child\" data-id=\"51cae278\" data-element_type=\"container\" data-e-type=\"container\" data-settings=\"{&quot;background_background&quot;:&quot;classic&quot;}\">\n\t\t<div class=\"elementor-element elementor-element-792b620b e-con-full e-flex e-con e-child\" data-id=\"792b620b\" data-element_type=\"container\" data-e-type=\"container\" data-settings=\"{&quot;background_background&quot;:&quot;classic&quot;}\">\n\t\t\t\t<div class=\"elementor-element elementor-element-766dacd elementor-widget elementor-widget-heading\" data-id=\"766dacd\" data-element_type=\"widget\" data-e-type=\"widget\" data-widget_type=\"heading.default\">\n\t\t\t\t\t<h2 class=\"elementor-heading-title elementor-size-default\"><span data-token-index=\"0\" class=\"discussion-id-1b204cc9-ce0e-808f-82eb-001c5fdee27a notion-enable-hover\">U\u017eauginkime partneryst\u0119!<\/span><\/h2>\t\t\t\t<\/div>\n\t\t\t\t<div class=\"elementor-element elementor-element-298fdf7f elementor-widget elementor-widget-text-editor\" data-id=\"298fdf7f\" data-element_type=\"widget\" data-e-type=\"widget\" data-widget_type=\"text-editor.default\">\n\t\t\t\t\t\t\t\t\t<p><span data-token-index=\"0\">Nori pl\u0117sti versl\u0105? Bendradarbiaujame su tiek\u0117jais siekian\u010diais klest\u0117ti augal\u0173 prie\u017ei\u016bros rinkoje.<\/span><span data-token-index=\"0\">\u00a0<\/span><\/p><p><span data-token-index=\"0\">\u00a0<\/span><\/p><p class=\"translation-block\">\u201eCloud Ceramix\u201d \u2013 pa\u017eangus, ekologi\u0161kas ir rinkoje atitikmens neturintis rank\u0173 darbo produktas. I\u0161siskirk i\u0161 konkurent\u0173 ir pritrauk s\u0105moningus ir aplink\u0105 tausojan\u010dius pirk\u0117jus.<\/p>\t\t\t\t\t\t\t\t<\/div>\n\t\t\t\t<\/div>\n\t\t<div class=\"elementor-element elementor-element-725f6101 e-con-full e-flex e-con e-child\" data-id=\"725f6101\" data-element_type=\"container\" data-e-type=\"container\" data-settings=\"{&quot;background_background&quot;:&quot;classic&quot;}\">\n\t\t\t\t<div class=\"elementor-element elementor-element-501ed28f elementor-button-align-stretch elementor-widget elementor-widget-form\" data-id=\"501ed28f\" data-element_type=\"widget\" data-e-type=\"widget\" data-settings=\"{&quot;step_next_label&quot;:&quot;Next&quot;,&quot;step_previous_label&quot;:&quot;Previous&quot;,&quot;step_icon_shape&quot;:&quot;rounded&quot;,&quot;button_width&quot;:&quot;100&quot;,&quot;step_type&quot;:&quot;number_text&quot;}\" data-widget_type=\"form.default\">\n\t\t\t\t\t\t\t<form class=\"elementor-form\" method=\"post\" name=\"New Form\" action=\"\">\n\t\t\t<input type=\"hidden\" name=\"post_id\" value=\"8846\"\/>\n\t\t\t<input type=\"hidden\" name=\"form_id\" value=\"501ed28f\"\/>\n\t\t\t<input type=\"hidden\" name=\"referer_title\" value=\"Contact\" \/>\n\n\t\t\t\t\t\t\t<input type=\"hidden\" name=\"queried_id\" value=\"8846\"\/>\n\t\t\t\n\t\t\t<div class=\"elementor-form-fields-wrapper elementor-labels-above\">\n\t\t\t\t\t\t\t\t<div class=\"elementor-field-type-text elementor-field-group elementor-column elementor-field-group-name elementor-col-100\">\n\t\t\t\t\t\t\t\t\t\t\t\t<label for=\"form-field-name\" class=\"elementor-field-label\">\n\t\t\t\t\t\t\t\tVardas\t\t\t\t\t\t\t<\/label>\n\t\t\t\t\t\t\t\t\t\t\t\t\t\t<input size=\"1\" type=\"text\" name=\"form_fields[name]\" id=\"form-field-name\" class=\"elementor-field elementor-size-sm  elementor-field-textual\" placeholder=\"Vardas\">\n\t\t\t\t\t\t\t\t\t\t\t<\/div>\n\t\t\t\t\t\t\t\t<div class=\"elementor-field-type-email elementor-field-group elementor-column elementor-field-group-email elementor-col-100 elementor-field-required elementor-mark-required\">\n\t\t\t\t\t\t\t\t\t\t\t\t<label for=\"form-field-email\" class=\"elementor-field-label\">\n\t\t\t\t\t\t\t\tEl. pa\u0161tas\t\t\t\t\t\t\t<\/label>\n\t\t\t\t\t\t\t\t\t\t\t\t\t\t<input size=\"1\" type=\"email\" name=\"form_fields[email]\" id=\"form-field-email\" class=\"elementor-field elementor-size-sm  elementor-field-textual\" placeholder=\"El. pa\u0161tas\" required=\"required\">\n\t\t\t\t\t\t\t\t\t\t\t<\/div>\n\t\t\t\t\t\t\t\t<div class=\"elementor-field-type-textarea elementor-field-group elementor-column elementor-field-group-message elementor-col-100\">\n\t\t\t\t\t\t\t\t\t\t\t\t<label for=\"form-field-message\" class=\"elementor-field-label\">\n\t\t\t\t\t\t\t\t\u017dinut\u0117\t\t\t\t\t\t\t<\/label>\n\t\t\t\t\t\t<textarea class=\"elementor-field-textual elementor-field  elementor-size-sm\" name=\"form_fields[message]\" id=\"form-field-message\" rows=\"4\" placeholder=\"\u017dinut\u0117\"><\/textarea>\t\t\t\t<\/div>\n\t\t\t\t\t\t\t\t<div class=\"elementor-field-group elementor-column elementor-field-type-submit elementor-col-100 e-form__buttons\">\n\t\t\t\t\t<button class=\"elementor-button elementor-size-md\" type=\"submit\">\n\t\t\t\t\t\t<span class=\"elementor-button-content-wrapper\">\n\t\t\t\t\t\t\t\t\t\t\t\t\t\t\t\t\t\t\t\t\t\t<span class=\"elementor-button-text\">Si\u0173sti<\/span>\n\t\t\t\t\t\t\t\t\t\t\t\t\t<\/span>\n\t\t\t\t\t<\/button>\n\t\t\t\t<\/div>\n\t\t\t<\/div>\n\t\t<input type=\"hidden\" name=\"trp-form-language\" value=\"lt\"\/><\/form>\n\t\t\t\t\t\t<\/div>\n\t\t\t\t<\/div>\n\t\t\t\t<\/div>\n\t\t\t\t\t<\/div>\n\t\t\t\t<\/div>\n\t\t\t\t<\/div>","protected":false},"excerpt":{"rendered":"<p>Contact us Nam\u0173 dekoro studija, MBCompany code 306399160VAT payer code LT100016639611Konarskio g. 23-5, LT-03123 Vilnius+37060048936 Let&#8217;s sprout a partnership! Partner with us and tap into the blooming plant care market!\u00a0 \u00a0 Cloud Ceramix is an\u00a0innovative, eco-friendly and handmade product unlike anything else.Stand out from the competition and attract environmentally conscious consumers.<\/p>","protected":false},"author":1,"featured_media":0,"parent":0,"menu_order":0,"comment_status":"closed","ping_status":"closed","template":"","meta":{"footnotes":""},"class_list":["post-8846","page","type-page","status-publish","hentry"],"blocksy_meta":[],"_links":{"self":[{"href":"https:\/\/cloudceramix.com\/lt\/wp-json\/wp\/v2\/pages\/8846","targetHints":{"allow":["GET"]}}],"collection":[{"href":"https:\/\/cloudceramix.com\/lt\/wp-json\/wp\/v2\/pages"}],"about":[{"href":"https:\/\/cloudceramix.com\/lt\/wp-json\/wp\/v2\/types\/page"}],"author":[{"embeddable":true,"href":"https:\/\/cloudceramix.com\/lt\/wp-json\/wp\/v2\/users\/1"}],"replies":[{"embeddable":true,"href":"https:\/\/cloudceramix.com\/lt\/wp-json\/wp\/v2\/comments?post=8846"}],"version-history":[{"count":40,"href":"https:\/\/cloudceramix.com\/lt\/wp-json\/wp\/v2\/pages\/8846\/revisions"}],"predecessor-version":[{"id":11410,"href":"https:\/\/cloudceramix.com\/lt\/wp-json\/wp\/v2\/pages\/8846\/revisions\/11410"}],"wp:attachment":[{"href":"https:\/\/cloudceramix.com\/lt\/wp-json\/wp\/v2\/media?parent=8846"}],"curies":[{"name":"wp","href":"https:\/\/api.w.org\/{rel}","templated":true}]}}