{"id":9377,"date":"2025-04-02T13:02:34","date_gmt":"2025-04-02T13:02:34","guid":{"rendered":"https:\/\/mediumblue-skunk-911546.hostingersite.com\/?post_type=product&#038;p=9377"},"modified":"2025-06-03T16:36:38","modified_gmt":"2025-06-03T13:36:38","slug":"moisture-indicator","status":"publish","type":"product","link":"https:\/\/cloudceramix.com\/lt\/produktas\/moisture-indicator\/","title":{"rendered":"Dr\u0117gm\u0117s indikatorius"},"content":{"rendered":"<div data-elementor-type=\"product-post\" data-elementor-id=\"9377\" class=\"elementor elementor-9377\" data-elementor-post-type=\"product\">\n\t\t\t\t<div class=\"elementor-element elementor-element-12e3e3c2 e-flex e-con-boxed e-con e-parent\" data-id=\"12e3e3c2\" data-element_type=\"container\" data-e-type=\"container\">\n\t\t\t\t\t<div class=\"e-con-inner\">\n\t\t\t\t<div class=\"elementor-element elementor-element-3ed21890 elementor-widget elementor-widget-text-editor\" data-id=\"3ed21890\" data-element_type=\"widget\" data-e-type=\"widget\" data-widget_type=\"text-editor.default\">\n\t\t\t\t\t\t\t\t\t<p><strong><span class=\"discussion-level-1 discussion-id-1b204cc9-ce0e-80c4-a847-001c2135fd3e notion-enable-hover\" data-token-index=\"0\">\u017dinok, kada metas laistyti!<\/span><\/strong><\/p><p class=\"translation-block\">Su dr\u0117gm\u0117s indikatoriumi nebereik\u0117s sp\u0117lioti, kada palieti augal\u0105. \u0160is paprastas \u012frankis nurodo \u017eem\u0117s dr\u0117gm\u0117s lyg\u012f ir padeda tinkamai pri\u017ei\u016br\u0117ti augalus.<\/p><p><span class=\"discussion-level-1 discussion-id-1b204cc9-ce0e-80c4-a847-001c2135fd3e notion-enable-hover\" data-token-index=\"0\"><strong>Rinkin\u012f sudaro:<\/strong><\/span><\/p><ul><li style=\"text-align: left;\"><span class=\"discussion-level-1 discussion-id-1b204cc9-ce0e-80c4-a847-001c2135fd3e notion-enable-hover\" data-token-index=\"1\">2 dr\u0117gm\u0117s indikatoriai<\/span><\/li><li style=\"text-align: left;\"><span class=\"discussion-level-1 discussion-id-1b204cc9-ce0e-80c4-a847-001c2135fd3e notion-enable-hover\" data-token-index=\"1\">2 atsitiktinai parinktos taurel\u0117s<\/span><!-- notionvc: 588d1b1c-ef94-4e40-a2dd-c5277d2c2cf0 --><\/li><\/ul>\t\t\t\t\t\t\t\t<\/div>\n\t\t\t\t\t<\/div>\n\t\t\t\t<\/div>\n\t\t\t\t<\/div>","protected":false},"excerpt":{"rendered":"<p><strong><span class=\"discussion-level-1 discussion-id-1b204cc9-ce0e-80c4-a847-001c2135fd3e notion-enable-hover\" data-token-index=\"0\">\u017dinok, kada metas laistyti!<\/span><\/strong><\/p>\n<p><span class=\"discussion-level-1 discussion-id-1b204cc9-ce0e-80c4-a847-001c2135fd3e notion-enable-hover\" data-token-index=\"2\">Moisture indicator takes the guesswork out of watering.\u00a0<\/span><span class=\"discussion-level-1 discussion-id-1b204cc9-ce0e-80c4-a847-001c2135fd3e notion-enable-hover\" data-token-index=\"2\">This simple tool clearly indicates soil moisture, helping you keep plants perfectly hydrated.<\/span><\/p>\n<p><span class=\"discussion-level-1 discussion-id-1b204cc9-ce0e-80c4-a847-001c2135fd3e notion-enable-hover\" data-token-index=\"0\"><strong>Rinkin\u012f sudaro:<\/strong><\/span><\/p>\n<ul>\n<li><span class=\"discussion-level-1 discussion-id-1b204cc9-ce0e-80c4-a847-001c2135fd3e notion-enable-hover\" data-token-index=\"1\">2 dr\u0117gm\u0117s indikatoriai<\/span><\/li>\n<li><span class=\"discussion-level-1 discussion-id-1b204cc9-ce0e-80c4-a847-001c2135fd3e notion-enable-hover\" data-token-index=\"1\">2 atsitiktinai parinktos taurel\u0117s<\/span><\/li>\n<\/ul>","protected":false},"featured_media":9388,"template":"","meta":[],"product_brand":[],"product_cat":[141],"product_tag":[143,146,142,145,144],"class_list":{"0":"post-9377","1":"product","2":"type-product","3":"status-publish","4":"has-post-thumbnail","6":"product_cat-plant-heroes","7":"product_tag-indicator","8":"product_tag-moisture-stick","9":"product_tag-plant-care","10":"product_tag-stick","11":"product_tag-water-indicator","13":"first","14":"instock","15":"shipping-taxable","16":"purchasable","17":"product-type-simple"},"_links":{"self":[{"href":"https:\/\/cloudceramix.com\/lt\/wp-json\/wp\/v2\/product\/9377","targetHints":{"allow":["GET"]}}],"collection":[{"href":"https:\/\/cloudceramix.com\/lt\/wp-json\/wp\/v2\/product"}],"about":[{"href":"https:\/\/cloudceramix.com\/lt\/wp-json\/wp\/v2\/types\/product"}],"version-history":[{"count":15,"href":"https:\/\/cloudceramix.com\/lt\/wp-json\/wp\/v2\/product\/9377\/revisions"}],"predecessor-version":[{"id":11288,"href":"https:\/\/cloudceramix.com\/lt\/wp-json\/wp\/v2\/product\/9377\/revisions\/11288"}],"wp:featuredmedia":[{"embeddable":true,"href":"https:\/\/cloudceramix.com\/lt\/wp-json\/wp\/v2\/media\/9388"}],"wp:attachment":[{"href":"https:\/\/cloudceramix.com\/lt\/wp-json\/wp\/v2\/media?parent=9377"}],"wp:term":[{"taxonomy":"product_brand","embeddable":true,"href":"https:\/\/cloudceramix.com\/lt\/wp-json\/wp\/v2\/product_brand?post=9377"},{"taxonomy":"product_cat","embeddable":true,"href":"https:\/\/cloudceramix.com\/lt\/wp-json\/wp\/v2\/product_cat?post=9377"},{"taxonomy":"product_tag","embeddable":true,"href":"https:\/\/cloudceramix.com\/lt\/wp-json\/wp\/v2\/product_tag?post=9377"}],"curies":[{"name":"wp","href":"https:\/\/api.w.org\/{rel}","templated":true}]}}