{"id":9496,"date":"2025-04-02T20:28:07","date_gmt":"2025-04-02T20:28:07","guid":{"rendered":"https:\/\/mediumblue-skunk-911546.hostingersite.com\/?post_type=product&#038;p=9496"},"modified":"2025-05-28T11:36:06","modified_gmt":"2025-05-28T08:36:06","slug":"self-watering-tablet","status":"publish","type":"product","link":"https:\/\/cloudceramix.com\/lt\/produktas\/self-watering-tablet\/","title":{"rendered":"Savaiminio dr\u0117kinimo tablet\u0117"},"content":{"rendered":"<p><strong>Laistyk net iki 5 kart\u0173 re\u010diau!<\/strong><\/p>\n<p>Pad\u0117k savo augalams ve\u0161\u0117ti bet kokioje aplinkoje \u2013 tiek dideliame vazone saul\u0117toje terasoje, tiek gle\u017enoms g\u0117l\u0117ms kapin\u0117se ar jauniems medeliams ir vaiskr\u016bmiams sode. <!-- notionvc: f8075273-d857-4e8f-9842-f37e84b43e93 --><\/p>\n<p><!-- notionvc: a00ba6ca-fe7c-43d7-a743-bb68ef01b428 --><\/p>","protected":false},"excerpt":{"rendered":"<p><strong>Laistyk net iki 5 kart\u0173 re\u010diau!<\/strong><\/p>\n<p>Pad\u0117k savo augalams ve\u0161\u0117ti bet kokioje aplinkoje \u2013 tiek dideliame vazone saul\u0117toje terasoje, tiek gle\u017enoms g\u0117l\u0117ms kapin\u0117se ar jauniems medeliams ir vaiskr\u016bmiams sode.<\/p>\n<p>&nbsp;<\/p>\n<p><strong><span class=\"notion-enable-hover\" data-token-index=\"0\">Rinkin\u012f sudaro:<\/span><\/strong><\/p>\n<ul>\n<li>Self-watering tablet in the size of your choice<br \/>\n<!-- notionvc: f8075273-d857-4e8f-9842-f37e84b43e93 --><\/li>\n<\/ul>","protected":false},"featured_media":9389,"template":"","meta":[],"product_brand":[],"product_cat":[141],"product_tag":[148,147],"class_list":{"0":"post-9496","1":"product","2":"type-product","3":"status-publish","4":"has-post-thumbnail","6":"product_cat-plant-heroes","7":"product_tag-self-watering","8":"product_tag-tablet","10":"first","11":"instock","12":"shipping-taxable","13":"purchasable","14":"product-type-variable"},"_links":{"self":[{"href":"https:\/\/cloudceramix.com\/lt\/wp-json\/wp\/v2\/product\/9496","targetHints":{"allow":["GET"]}}],"collection":[{"href":"https:\/\/cloudceramix.com\/lt\/wp-json\/wp\/v2\/product"}],"about":[{"href":"https:\/\/cloudceramix.com\/lt\/wp-json\/wp\/v2\/types\/product"}],"version-history":[{"count":6,"href":"https:\/\/cloudceramix.com\/lt\/wp-json\/wp\/v2\/product\/9496\/revisions"}],"predecessor-version":[{"id":10823,"href":"https:\/\/cloudceramix.com\/lt\/wp-json\/wp\/v2\/product\/9496\/revisions\/10823"}],"wp:featuredmedia":[{"embeddable":true,"href":"https:\/\/cloudceramix.com\/lt\/wp-json\/wp\/v2\/media\/9389"}],"wp:attachment":[{"href":"https:\/\/cloudceramix.com\/lt\/wp-json\/wp\/v2\/media?parent=9496"}],"wp:term":[{"taxonomy":"product_brand","embeddable":true,"href":"https:\/\/cloudceramix.com\/lt\/wp-json\/wp\/v2\/product_brand?post=9496"},{"taxonomy":"product_cat","embeddable":true,"href":"https:\/\/cloudceramix.com\/lt\/wp-json\/wp\/v2\/product_cat?post=9496"},{"taxonomy":"product_tag","embeddable":true,"href":"https:\/\/cloudceramix.com\/lt\/wp-json\/wp\/v2\/product_tag?post=9496"}],"curies":[{"name":"wp","href":"https:\/\/api.w.org\/{rel}","templated":true}]}}