{"id":9677,"date":"2025-04-04T13:50:07","date_gmt":"2025-04-04T13:50:07","guid":{"rendered":"https:\/\/mediumblue-skunk-911546.hostingersite.com\/?post_type=product&#038;p=9677"},"modified":"2025-06-10T17:41:20","modified_gmt":"2025-06-10T14:41:20","slug":"self-watering-kit","status":"publish","type":"product","link":"https:\/\/cloudceramix.com\/lt\/produktas\/self-watering-kit\/","title":{"rendered":"Savaiminio dr\u0117kinimo rinkinys"},"content":{"rendered":"<div data-elementor-type=\"product-post\" data-elementor-id=\"9677\" class=\"elementor elementor-9677\" data-elementor-post-type=\"product\">\n\t\t\t\t<div class=\"elementor-element elementor-element-4bab376b e-flex e-con-boxed e-con e-parent\" data-id=\"4bab376b\" data-element_type=\"container\" data-e-type=\"container\">\n\t\t\t\t\t<div class=\"e-con-inner\">\n\t\t\t\t<div class=\"elementor-element elementor-element-60ab24d8 elementor-widget elementor-widget-text-editor\" data-id=\"60ab24d8\" data-element_type=\"widget\" data-e-type=\"widget\" data-widget_type=\"text-editor.default\">\n\t\t\t\t\t\t\t\t\t<p><strong>Laistyk net iki 5 kart\u0173 re\u010diau!<\/strong><\/p><p>\u0160is tablet\u0117s ir dr\u0117gm\u0117s indikatoriaus rinkinys u\u017etikrina pastov\u0173 dr\u0117kinim\u0105 ilgam periodui. \n\nO indikatorius padeda nustatyti, kada laikas palieti. Pamir\u0161k r\u016bpes\u010dius d\u0117l augal\u0173 \u2013 jie ve\u0161\u0117s net tau keliaujant!<!-- notionvc: 580de0b1-dd3a-45de-8721-3aa02090be01 --><\/p><p><strong><span class=\"notion-enable-hover\" data-token-index=\"0\">Rinkin\u012f sudaro:<\/span> <\/strong><\/p><ul><li>Pasirinkto dyd\u017eio savaiminio dr\u0117kinimo tablet\u0117.<\/li><li>2 dr\u0117gm\u0117s indikatoriai<\/li><li>2 atsitiktinai parinktos taurel\u0117s<!-- notionvc: 8999a594-682b-4014-a5e8-c01f17b90800 --><\/li><\/ul><p><!-- notionvc: a00ba6ca-fe7c-43d7-a743-bb68ef01b428 --><\/p>\t\t\t\t\t\t\t\t<\/div>\n\t\t\t\t\t<\/div>\n\t\t\t\t<\/div>\n\t\t\t\t<\/div>","protected":false},"excerpt":{"rendered":"<p>Water up to 5 times less often! This kit simplifies plant care by providing consistent hydration and eliminating watering guesswork. Enjoy thriving plants with less effort, whether you&#8217;re home or traveling. Package includes: 1 Self-watering tablet size of your choice 2 moisture indicators 2 randomly selected cups<\/p>","protected":false},"featured_media":10692,"template":"","meta":[],"product_brand":[],"product_cat":[141],"product_tag":[149,148],"class_list":{"0":"post-9677","1":"product","2":"type-product","3":"status-publish","4":"has-post-thumbnail","6":"product_cat-plant-heroes","7":"product_tag-kit","8":"product_tag-self-watering","10":"first","11":"instock","12":"shipping-taxable","13":"purchasable","14":"product-type-variable","15":"has-default-attributes"},"_links":{"self":[{"href":"https:\/\/cloudceramix.com\/lt\/wp-json\/wp\/v2\/product\/9677","targetHints":{"allow":["GET"]}}],"collection":[{"href":"https:\/\/cloudceramix.com\/lt\/wp-json\/wp\/v2\/product"}],"about":[{"href":"https:\/\/cloudceramix.com\/lt\/wp-json\/wp\/v2\/types\/product"}],"version-history":[{"count":13,"href":"https:\/\/cloudceramix.com\/lt\/wp-json\/wp\/v2\/product\/9677\/revisions"}],"predecessor-version":[{"id":11319,"href":"https:\/\/cloudceramix.com\/lt\/wp-json\/wp\/v2\/product\/9677\/revisions\/11319"}],"wp:featuredmedia":[{"embeddable":true,"href":"https:\/\/cloudceramix.com\/lt\/wp-json\/wp\/v2\/media\/10692"}],"wp:attachment":[{"href":"https:\/\/cloudceramix.com\/lt\/wp-json\/wp\/v2\/media?parent=9677"}],"wp:term":[{"taxonomy":"product_brand","embeddable":true,"href":"https:\/\/cloudceramix.com\/lt\/wp-json\/wp\/v2\/product_brand?post=9677"},{"taxonomy":"product_cat","embeddable":true,"href":"https:\/\/cloudceramix.com\/lt\/wp-json\/wp\/v2\/product_cat?post=9677"},{"taxonomy":"product_tag","embeddable":true,"href":"https:\/\/cloudceramix.com\/lt\/wp-json\/wp\/v2\/product_tag?post=9677"}],"curies":[{"name":"wp","href":"https:\/\/api.w.org\/{rel}","templated":true}]}}